{"id":880,"date":"2021-07-13T17:59:28","date_gmt":"2021-07-13T17:59:28","guid":{"rendered":"http:\/\/physio-aesch.ch\/?page_id=880"},"modified":"2021-12-22T17:49:40","modified_gmt":"2021-12-22T17:49:40","slug":"meditation","status":"publish","type":"page","link":"https:\/\/physio-aesch.ch\/?page_id=880","title":{"rendered":"Meditation"},"content":{"rendered":"\t\t<div data-elementor-type=\"wp-post\" data-elementor-id=\"880\" class=\"elementor elementor-880\">\n\t\t\t\t\t\t<div class=\"elementor-inner\">\n\t\t\t\t<div class=\"elementor-section-wrap\">\n\t\t\t\t\t\t\t\t\t<section class=\"elementor-section elementor-top-section elementor-element elementor-element-72afaf4 elementor-section-height-min-height elementor-section-full_width elementor-section-height-default elementor-section-items-middle\" data-id=\"72afaf4\" data-element_type=\"section\" data-settings=\"{&quot;background_background&quot;:&quot;classic&quot;}\">\n\t\t\t\t\t\t<div class=\"elementor-container elementor-column-gap-default\">\n\t\t\t\t\t\t\t<div class=\"elementor-row\">\n\t\t\t\t\t<div class=\"elementor-column elementor-col-100 elementor-top-column elementor-element elementor-element-622a747\" data-id=\"622a747\" data-element_type=\"column\">\n\t\t\t<div class=\"elementor-column-wrap elementor-element-populated\">\n\t\t\t\t\t\t\t<div class=\"elementor-widget-wrap\">\n\t\t\t\t\t\t<div class=\"elementor-element elementor-element-8b9e3e5 elementor-invisible elementor-widget elementor-widget-heading\" data-id=\"8b9e3e5\" data-element_type=\"widget\" data-settings=\"{&quot;_animation&quot;:&quot;fadeInDown&quot;}\" data-widget_type=\"heading.default\">\n\t\t\t\t<div class=\"elementor-widget-container\">\n\t\t\t<h1 class=\"elementor-heading-title elementor-size-large\">Meditation<\/h1>\t\t<\/div>\n\t\t\t\t<\/div>\n\t\t\t\t<div class=\"elementor-element elementor-element-e76954e elementor-widget-divider--view-line elementor-widget elementor-widget-divider\" data-id=\"e76954e\" data-element_type=\"widget\" data-widget_type=\"divider.default\">\n\t\t\t\t<div class=\"elementor-widget-container\">\n\t\t\t\t\t<div class=\"elementor-divider\">\n\t\t\t<span class=\"elementor-divider-separator\">\n\t\t\t\t\t\t<\/span>\n\t\t<\/div>\n\t\t\t\t<\/div>\n\t\t\t\t<\/div>\n\t\t\t\t\t\t<\/div>\n\t\t\t\t\t<\/div>\n\t\t<\/div>\n\t\t\t\t\t\t\t\t<\/div>\n\t\t\t\t\t<\/div>\n\t\t<\/section>\n\t\t\t\t<section class=\"elementor-section elementor-top-section elementor-element elementor-element-b8026cf elementor-section-boxed elementor-section-height-default elementor-section-height-default\" data-id=\"b8026cf\" data-element_type=\"section\">\n\t\t\t\t\t\t<div class=\"elementor-container elementor-column-gap-default\">\n\t\t\t\t\t\t\t<div class=\"elementor-row\">\n\t\t\t\t\t<div class=\"elementor-column elementor-col-100 elementor-top-column elementor-element elementor-element-448f9f3\" data-id=\"448f9f3\" data-element_type=\"column\">\n\t\t\t<div class=\"elementor-column-wrap elementor-element-populated\">\n\t\t\t\t\t\t\t<div class=\"elementor-widget-wrap\">\n\t\t\t\t\t\t<div class=\"elementor-element elementor-element-06814db elementor-widget-divider--view-line elementor-widget elementor-widget-divider\" data-id=\"06814db\" data-element_type=\"widget\" data-widget_type=\"divider.default\">\n\t\t\t\t<div class=\"elementor-widget-container\">\n\t\t\t\t\t<div class=\"elementor-divider\">\n\t\t\t<span class=\"elementor-divider-separator\">\n\t\t\t\t\t\t<\/span>\n\t\t<\/div>\n\t\t\t\t<\/div>\n\t\t\t\t<\/div>\n\t\t\t\t<div class=\"elementor-element elementor-element-e5f6499 elementor-position-left elementor-vertical-align-middle elementor-widget elementor-widget-image-box\" data-id=\"e5f6499\" data-element_type=\"widget\" data-widget_type=\"image-box.default\">\n\t\t\t\t<div class=\"elementor-widget-container\">\n\t\t\t<div class=\"elementor-image-box-wrapper\"><figure class=\"elementor-image-box-img\"><img width=\"297\" height=\"300\" src=\"https:\/\/physio-aesch.ch\/wp-content\/uploads\/2021\/07\/Round5-297x300.png\" class=\"elementor-animation-grow attachment-medium size-medium wp-image-882\" alt=\"\" loading=\"lazy\" srcset=\"https:\/\/physio-aesch.ch\/wp-content\/uploads\/2021\/07\/Round5-297x300.png 297w, https:\/\/physio-aesch.ch\/wp-content\/uploads\/2021\/07\/Round5.png 466w\" sizes=\"(max-width: 297px) 100vw, 297px\" \/><\/figure><div class=\"elementor-image-box-content\"><h3 class=\"elementor-image-box-title\">Sara Egger<\/h3><p class=\"elementor-image-box-description\"><b>Ihre Ansprechpartnerin<\/b><br><span style=\"color: #0a0a0a\"><a href=\"mailto:mail@saraegger.ch\">mail@saraegger.ch<\/a><\/span><br>076 400 19 10<br><a href=\"http:\/\/www.saraegger.ch\"><span style=\"color: #0a0a0a\">www.saraegger.ch - Besuchen Sie meine Website<\/span><\/a><\/p><\/div><\/div>\t\t<\/div>\n\t\t\t\t<\/div>\n\t\t\t\t<div class=\"elementor-element elementor-element-fd6d6cd elementor-widget-divider--view-line elementor-widget elementor-widget-divider\" data-id=\"fd6d6cd\" data-element_type=\"widget\" data-widget_type=\"divider.default\">\n\t\t\t\t<div class=\"elementor-widget-container\">\n\t\t\t\t\t<div class=\"elementor-divider\">\n\t\t\t<span class=\"elementor-divider-separator\">\n\t\t\t\t\t\t<\/span>\n\t\t<\/div>\n\t\t\t\t<\/div>\n\t\t\t\t<\/div>\n\t\t\t\t\t\t<\/div>\n\t\t\t\t\t<\/div>\n\t\t<\/div>\n\t\t\t\t\t\t\t\t<\/div>\n\t\t\t\t\t<\/div>\n\t\t<\/section>\n\t\t\t\t<section class=\"elementor-section elementor-top-section elementor-element elementor-element-bbebe04 elementor-section-content-middle elementor-section-boxed elementor-section-height-default elementor-section-height-default\" data-id=\"bbebe04\" data-element_type=\"section\">\n\t\t\t\t\t\t<div class=\"elementor-container elementor-column-gap-no\">\n\t\t\t\t\t\t\t<div class=\"elementor-row\">\n\t\t\t\t\t<div class=\"elementor-column elementor-col-33 elementor-top-column elementor-element elementor-element-df62e0f\" data-id=\"df62e0f\" data-element_type=\"column\">\n\t\t\t<div class=\"elementor-column-wrap elementor-element-populated\">\n\t\t\t\t\t\t\t<div class=\"elementor-widget-wrap\">\n\t\t\t\t\t\t<div class=\"elementor-element elementor-element-4172531 elementor-widget elementor-widget-text-editor\" data-id=\"4172531\" data-element_type=\"widget\" data-widget_type=\"text-editor.default\">\n\t\t\t\t<div class=\"elementor-widget-container\">\n\t\t\t\t\t\t\t\t<div class=\"elementor-text-editor elementor-clearfix\">\n\t\t\t\t<p>Eine Wundert\u00fcte und besser als Gehirnjogging:<\/p>\t\t\t\t\t<\/div>\n\t\t\t\t\t\t<\/div>\n\t\t\t\t<\/div>\n\t\t\t\t<div class=\"elementor-element elementor-element-e0650af elementor-widget elementor-widget-heading\" data-id=\"e0650af\" data-element_type=\"widget\" data-widget_type=\"heading.default\">\n\t\t\t\t<div class=\"elementor-widget-container\">\n\t\t\t<h3 class=\"elementor-heading-title elementor-size-default\">Das ist Meditation!<\/h3>\t\t<\/div>\n\t\t\t\t<\/div>\n\t\t\t\t<div class=\"elementor-element elementor-element-19b5386 elementor-widget-divider--view-line elementor-widget elementor-widget-divider\" data-id=\"19b5386\" data-element_type=\"widget\" data-widget_type=\"divider.default\">\n\t\t\t\t<div class=\"elementor-widget-container\">\n\t\t\t\t\t<div class=\"elementor-divider\">\n\t\t\t<span class=\"elementor-divider-separator\">\n\t\t\t\t\t\t<\/span>\n\t\t<\/div>\n\t\t\t\t<\/div>\n\t\t\t\t<\/div>\n\t\t\t\t\t\t<\/div>\n\t\t\t\t\t<\/div>\n\t\t<\/div>\n\t\t\t\t<div class=\"elementor-column elementor-col-33 elementor-top-column elementor-element elementor-element-b95f36b\" data-id=\"b95f36b\" data-element_type=\"column\">\n\t\t\t<div class=\"elementor-column-wrap elementor-element-populated\">\n\t\t\t\t\t\t\t<div class=\"elementor-widget-wrap\">\n\t\t\t\t\t\t<div class=\"elementor-element elementor-element-ef9f604 elementor-invisible elementor-widget elementor-widget-image\" data-id=\"ef9f604\" data-element_type=\"widget\" data-settings=\"{&quot;_animation&quot;:&quot;fadeInLeft&quot;}\" data-widget_type=\"image.default\">\n\t\t\t\t<div class=\"elementor-widget-container\">\n\t\t\t\t\t\t\t\t<div class=\"elementor-image\">\n\t\t\t\t\t\t\t\t\t\t\t\t<img width=\"514\" height=\"590\" src=\"https:\/\/physio-aesch.ch\/wp-content\/uploads\/2021\/07\/med4.png\" class=\"elementor-animation-grow attachment-full size-full wp-image-885\" alt=\"\" loading=\"lazy\" srcset=\"https:\/\/physio-aesch.ch\/wp-content\/uploads\/2021\/07\/med4.png 514w, https:\/\/physio-aesch.ch\/wp-content\/uploads\/2021\/07\/med4-261x300.png 261w\" sizes=\"(max-width: 514px) 100vw, 514px\" \/>\t\t\t\t\t\t\t\t\t\t\t\t\t\t<\/div>\n\t\t\t\t\t\t<\/div>\n\t\t\t\t<\/div>\n\t\t\t\t<div class=\"elementor-element elementor-element-81bfb32 elementor-widget elementor-widget-text-editor\" data-id=\"81bfb32\" data-element_type=\"widget\" data-widget_type=\"text-editor.default\">\n\t\t\t\t<div class=\"elementor-widget-container\">\n\t\t\t\t\t\t\t\t<div class=\"elementor-text-editor elementor-clearfix\">\n\t\t\t\t<p>Mediation f\u00fcllt den Energiespeicher und unterbricht unbewusste Gedankenspiele \u2013 sie st\u00e4rkt innere Ruhe, festigt Gelassenheit und trainiert Achtsamkeit und Konzentration.<br \/>Und: Meditation darf leicht sein<\/p>\t\t\t\t\t<\/div>\n\t\t\t\t\t\t<\/div>\n\t\t\t\t<\/div>\n\t\t\t\t\t\t<\/div>\n\t\t\t\t\t<\/div>\n\t\t<\/div>\n\t\t\t\t<div class=\"elementor-column elementor-col-33 elementor-top-column elementor-element elementor-element-6de08b9\" data-id=\"6de08b9\" data-element_type=\"column\">\n\t\t\t<div class=\"elementor-column-wrap elementor-element-populated\">\n\t\t\t\t\t\t\t<div class=\"elementor-widget-wrap\">\n\t\t\t\t\t\t<div class=\"elementor-element elementor-element-7b862a4 elementor-widget elementor-widget-text-editor\" data-id=\"7b862a4\" data-element_type=\"widget\" data-widget_type=\"text-editor.default\">\n\t\t\t\t<div class=\"elementor-widget-container\">\n\t\t\t\t\t\t\t\t<div class=\"elementor-text-editor elementor-clearfix\">\n\t\t\t\t<p>Regelm\u00e4ssiges Meditieren steigert die kognitiven F\u00e4higkeiten und tr\u00e4gt massgeblich zur St\u00e4rkung und F\u00f6rderung des Immunsystems sowie der Resilienz bei.<\/p>\t\t\t\t\t<\/div>\n\t\t\t\t\t\t<\/div>\n\t\t\t\t<\/div>\n\t\t\t\t<div class=\"elementor-element elementor-element-45d4412 elementor-invisible elementor-widget elementor-widget-image\" data-id=\"45d4412\" data-element_type=\"widget\" data-settings=\"{&quot;_animation&quot;:&quot;fadeInRight&quot;}\" data-widget_type=\"image.default\">\n\t\t\t\t<div class=\"elementor-widget-container\">\n\t\t\t\t\t\t\t\t<div class=\"elementor-image\">\n\t\t\t\t\t\t\t\t\t\t\t\t<img width=\"945\" height=\"642\" src=\"https:\/\/physio-aesch.ch\/wp-content\/uploads\/2018\/11\/nidra.jpg\" class=\"elementor-animation-grow attachment-full size-full wp-image-634\" alt=\"\" loading=\"lazy\" srcset=\"https:\/\/physio-aesch.ch\/wp-content\/uploads\/2018\/11\/nidra.jpg 945w, https:\/\/physio-aesch.ch\/wp-content\/uploads\/2018\/11\/nidra-300x204.jpg 300w, https:\/\/physio-aesch.ch\/wp-content\/uploads\/2018\/11\/nidra-768x522.jpg 768w, https:\/\/physio-aesch.ch\/wp-content\/uploads\/2018\/11\/nidra-720x489.jpg 720w\" sizes=\"(max-width: 945px) 100vw, 945px\" \/>\t\t\t\t\t\t\t\t\t\t\t\t\t\t<\/div>\n\t\t\t\t\t\t<\/div>\n\t\t\t\t<\/div>\n\t\t\t\t\t\t<\/div>\n\t\t\t\t\t<\/div>\n\t\t<\/div>\n\t\t\t\t\t\t\t\t<\/div>\n\t\t\t\t\t<\/div>\n\t\t<\/section>\n\t\t\t\t<section class=\"elementor-section elementor-top-section elementor-element elementor-element-75241e2 elementor-section-content-middle elementor-section-boxed elementor-section-height-default elementor-section-height-default\" data-id=\"75241e2\" data-element_type=\"section\" data-settings=\"{&quot;background_background&quot;:&quot;classic&quot;}\">\n\t\t\t\t\t\t<div class=\"elementor-container elementor-column-gap-no\">\n\t\t\t\t\t\t\t<div class=\"elementor-row\">\n\t\t\t\t\t<div class=\"elementor-column elementor-col-100 elementor-top-column elementor-element elementor-element-5fe1077\" data-id=\"5fe1077\" data-element_type=\"column\">\n\t\t\t<div class=\"elementor-column-wrap elementor-element-populated\">\n\t\t\t\t\t\t\t<div class=\"elementor-widget-wrap\">\n\t\t\t\t\t\t<div class=\"elementor-element elementor-element-196effc elementor-widget elementor-widget-heading\" data-id=\"196effc\" data-element_type=\"widget\" data-widget_type=\"heading.default\">\n\t\t\t\t<div class=\"elementor-widget-container\">\n\t\t\t<h2 class=\"elementor-heading-title elementor-size-default\">Zeiten &amp; Preise Meditation<\/h2>\t\t<\/div>\n\t\t\t\t<\/div>\n\t\t\t\t<div class=\"elementor-element elementor-element-fe660e5 elementor-widget elementor-widget-text-editor\" data-id=\"fe660e5\" data-element_type=\"widget\" data-widget_type=\"text-editor.default\">\n\t\t\t\t<div class=\"elementor-widget-container\">\n\t\t\t\t\t\t\t\t<div class=\"elementor-text-editor elementor-clearfix\">\n\t\t\t\t<p>Bis auf Weiters findet keine Meditation statt.<\/p>\n<p>Preis: CHF 35.00 pro Mal<\/p>\n<p><strong>Kursleiterin:<\/strong><br>Sara Egger<strong><br><\/strong><a href=\"mailto:mail@saraegger.ch\" rel=\"noreferrer\">mail@saraegger.ch<\/a><br>+41 (0) 76 400 19 10<br>www.saraegger.ch<\/p>\t\t\t\t\t<\/div>\n\t\t\t\t\t\t<\/div>\n\t\t\t\t<\/div>\n\t\t\t\t\t\t<\/div>\n\t\t\t\t\t<\/div>\n\t\t<\/div>\n\t\t\t\t\t\t\t\t<\/div>\n\t\t\t\t\t<\/div>\n\t\t<\/section>\n\t\t\t\t<section class=\"elementor-section elementor-top-section elementor-element elementor-element-da7dd63 elementor-section-boxed elementor-section-height-default elementor-section-height-default\" data-id=\"da7dd63\" data-element_type=\"section\" data-settings=\"{&quot;background_background&quot;:&quot;classic&quot;}\">\n\t\t\t\t\t\t<div class=\"elementor-container elementor-column-gap-default\">\n\t\t\t\t\t\t\t<div class=\"elementor-row\">\n\t\t\t\t\t<div class=\"elementor-column elementor-col-33 elementor-top-column elementor-element elementor-element-e7d9667\" data-id=\"e7d9667\" data-element_type=\"column\">\n\t\t\t<div class=\"elementor-column-wrap elementor-element-populated\">\n\t\t\t\t\t\t\t<div class=\"elementor-widget-wrap\">\n\t\t\t\t\t\t<div class=\"elementor-element elementor-element-f228729 elementor-widget elementor-widget-image\" data-id=\"f228729\" data-element_type=\"widget\" data-widget_type=\"image.default\">\n\t\t\t\t<div class=\"elementor-widget-container\">\n\t\t\t\t\t\t\t\t<div class=\"elementor-image\">\n\t\t\t\t\t\t\t\t\t\t\t\t<img width=\"250\" height=\"120\" src=\"https:\/\/physio-aesch.ch\/wp-content\/uploads\/2018\/11\/Footer.png\" class=\"attachment-full size-full wp-image-200\" alt=\"\" loading=\"lazy\" \/>\t\t\t\t\t\t\t\t\t\t\t\t\t\t<\/div>\n\t\t\t\t\t\t<\/div>\n\t\t\t\t<\/div>\n\t\t\t\t\t\t<\/div>\n\t\t\t\t\t<\/div>\n\t\t<\/div>\n\t\t\t\t<div class=\"elementor-column elementor-col-33 elementor-top-column elementor-element elementor-element-c8a2471\" data-id=\"c8a2471\" data-element_type=\"column\">\n\t\t\t<div class=\"elementor-column-wrap elementor-element-populated\">\n\t\t\t\t\t\t\t<div class=\"elementor-widget-wrap\">\n\t\t\t\t\t\t<div class=\"elementor-element elementor-element-fc78a07 elementor-widget elementor-widget-text-editor\" data-id=\"fc78a07\" data-element_type=\"widget\" data-widget_type=\"text-editor.default\">\n\t\t\t\t<div class=\"elementor-widget-container\">\n\t\t\t\t\t\t\t\t<div class=\"elementor-text-editor elementor-clearfix\">\n\t\t\t\t<br>\n<a href=\"https:\/\/physio-aesch.ch\"><span style=\"color: #020202;\">Startseite<\/span><\/a>\n<br>\n<a href=\"https:\/\/physio-aesch.ch\/?page_id=88\"><span style=\"color: #020202;\">\u00dcber uns<\/span><\/a>\n<br>\n<a href=\"https:\/\/physio-aesch.ch\/?page_id=157\"><span style=\"color: #020202;\">Angebot<\/span><\/a>\n<br>\n<a href=\"http:\/\/physio-aesch.ch\/?page_id=211\"><span style=\"color: #020202;\">Kontakt<\/span><\/a>\n<br>\n<a href=\"http:\/\/physio-aesch.ch\/?page_id=213\"><span style=\"color: #020202;\">Impressum<\/span><\/a>\t\t\t\t\t<\/div>\n\t\t\t\t\t\t<\/div>\n\t\t\t\t<\/div>\n\t\t\t\t\t\t<\/div>\n\t\t\t\t\t<\/div>\n\t\t<\/div>\n\t\t\t\t<div class=\"elementor-column elementor-col-33 elementor-top-column elementor-element elementor-element-b09aa5f\" data-id=\"b09aa5f\" data-element_type=\"column\">\n\t\t\t<div class=\"elementor-column-wrap elementor-element-populated\">\n\t\t\t\t\t\t\t<div class=\"elementor-widget-wrap\">\n\t\t\t\t\t\t<div class=\"elementor-element elementor-element-f41ba2b elementor-widget elementor-widget-text-editor\" data-id=\"f41ba2b\" data-element_type=\"widget\" data-widget_type=\"text-editor.default\">\n\t\t\t\t<div class=\"elementor-widget-container\">\n\t\t\t\t\t\t\t\t<div class=\"elementor-text-editor elementor-clearfix\">\n\t\t\t\t<p><strong>Kontakt<\/strong><\/p><p>Hauptstr. 107<\/p><p>4147 Aesch<\/p><p>\u00a0<\/p><p><a href=\"mailto:sophie@physio-aesch.ch\"><span style=\"color: #020202;\">sophie@physio-aesch.ch<\/span><\/a><\/p>\t\t\t\t\t<\/div>\n\t\t\t\t\t\t<\/div>\n\t\t\t\t<\/div>\n\t\t\t\t\t\t<\/div>\n\t\t\t\t\t<\/div>\n\t\t<\/div>\n\t\t\t\t\t\t\t\t<\/div>\n\t\t\t\t\t<\/div>\n\t\t<\/section>\n\t\t\t\t<section class=\"elementor-section elementor-top-section elementor-element elementor-element-6deb4a0 elementor-section-boxed elementor-section-height-default elementor-section-height-default\" data-id=\"6deb4a0\" data-element_type=\"section\" data-settings=\"{&quot;background_background&quot;:&quot;classic&quot;}\">\n\t\t\t\t\t\t<div class=\"elementor-container elementor-column-gap-default\">\n\t\t\t\t\t\t\t<div class=\"elementor-row\">\n\t\t\t\t\t<div class=\"elementor-column elementor-col-100 elementor-top-column elementor-element elementor-element-2512c45\" data-id=\"2512c45\" data-element_type=\"column\">\n\t\t\t<div class=\"elementor-column-wrap elementor-element-populated\">\n\t\t\t\t\t\t\t<div class=\"elementor-widget-wrap\">\n\t\t\t\t\t\t<div class=\"elementor-element elementor-element-b814dcc elementor-widget elementor-widget-text-editor\" data-id=\"b814dcc\" data-element_type=\"widget\" data-widget_type=\"text-editor.default\">\n\t\t\t\t<div class=\"elementor-widget-container\">\n\t\t\t\t\t\t\t\t<div class=\"elementor-text-editor elementor-clearfix\">\n\t\t\t\t<a href=\"Http:\/\/www.ts-gestaltung.ch\"><span style=\"color: rgba(170,170,170,0.77);\">Realisiert von TS. Gestaltung<\/span><\/a>\t\t\t\t\t<\/div>\n\t\t\t\t\t\t<\/div>\n\t\t\t\t<\/div>\n\t\t\t\t\t\t<\/div>\n\t\t\t\t\t<\/div>\n\t\t<\/div>\n\t\t\t\t\t\t\t\t<\/div>\n\t\t\t\t\t<\/div>\n\t\t<\/section>\n\t\t\t\t\t\t\t\t\t<\/div>\n\t\t\t<\/div>\n\t\t\t\t\t<\/div>\n\t\t","protected":false},"excerpt":{"rendered":"<p>Meditation Sara Egger Ihre Ansprechpartnerinmail@saraegger.ch076 400 19 10www.saraegger.ch &#8211; Besuchen Sie meine Website Eine Wundert\u00fcte und besser als Gehirnjogging: Das [&hellip;]<\/p>\n","protected":false},"author":1,"featured_media":0,"parent":0,"menu_order":0,"comment_status":"closed","ping_status":"closed","template":"page-templates\/template_page-builder.php","meta":[],"_links":{"self":[{"href":"https:\/\/physio-aesch.ch\/index.php?rest_route=\/wp\/v2\/pages\/880"}],"collection":[{"href":"https:\/\/physio-aesch.ch\/index.php?rest_route=\/wp\/v2\/pages"}],"about":[{"href":"https:\/\/physio-aesch.ch\/index.php?rest_route=\/wp\/v2\/types\/page"}],"author":[{"embeddable":true,"href":"https:\/\/physio-aesch.ch\/index.php?rest_route=\/wp\/v2\/users\/1"}],"replies":[{"embeddable":true,"href":"https:\/\/physio-aesch.ch\/index.php?rest_route=%2Fwp%2Fv2%2Fcomments&post=880"}],"version-history":[{"count":14,"href":"https:\/\/physio-aesch.ch\/index.php?rest_route=\/wp\/v2\/pages\/880\/revisions"}],"predecessor-version":[{"id":1061,"href":"https:\/\/physio-aesch.ch\/index.php?rest_route=\/wp\/v2\/pages\/880\/revisions\/1061"}],"wp:attachment":[{"href":"https:\/\/physio-aesch.ch\/index.php?rest_route=%2Fwp%2Fv2%2Fmedia&parent=880"}],"curies":[{"name":"wp","href":"https:\/\/api.w.org\/{rel}","templated":true}]}}