{"id":491,"date":"2018-11-21T01:03:26","date_gmt":"2018-11-21T01:03:26","guid":{"rendered":"http:\/\/physio-aesch.ch\/?page_id=491"},"modified":"2021-07-28T08:00:27","modified_gmt":"2021-07-28T08:00:27","slug":"massage","status":"publish","type":"page","link":"https:\/\/physio-aesch.ch\/?page_id=491","title":{"rendered":"Massage"},"content":{"rendered":"\t\t<div data-elementor-type=\"wp-post\" data-elementor-id=\"491\" class=\"elementor elementor-491 elementor-bc-flex-widget\">\n\t\t\t\t\t\t<div class=\"elementor-inner\">\n\t\t\t\t<div class=\"elementor-section-wrap\">\n\t\t\t\t\t\t\t\t\t<section class=\"elementor-section elementor-top-section elementor-element elementor-element-3cf0bac elementor-section-height-min-height elementor-section-full_width elementor-section-height-default elementor-section-items-middle\" data-id=\"3cf0bac\" data-element_type=\"section\" data-settings=\"{&quot;background_background&quot;:&quot;classic&quot;}\">\n\t\t\t\t\t\t<div class=\"elementor-container elementor-column-gap-default\">\n\t\t\t\t\t\t\t<div class=\"elementor-row\">\n\t\t\t\t\t<div class=\"elementor-column elementor-col-100 elementor-top-column elementor-element elementor-element-5b56b14\" data-id=\"5b56b14\" data-element_type=\"column\">\n\t\t\t<div class=\"elementor-column-wrap elementor-element-populated\">\n\t\t\t\t\t\t\t<div class=\"elementor-widget-wrap\">\n\t\t\t\t\t\t<div class=\"elementor-element elementor-element-abb3ca4 elementor-invisible elementor-widget elementor-widget-heading\" data-id=\"abb3ca4\" data-element_type=\"widget\" data-settings=\"{&quot;_animation&quot;:&quot;fadeInDown&quot;}\" data-widget_type=\"heading.default\">\n\t\t\t\t<div class=\"elementor-widget-container\">\n\t\t\t<h1 class=\"elementor-heading-title elementor-size-large\">Massage<\/h1>\t\t<\/div>\n\t\t\t\t<\/div>\n\t\t\t\t<div class=\"elementor-element elementor-element-ae52da5 elementor-widget-divider--view-line elementor-widget elementor-widget-divider\" data-id=\"ae52da5\" data-element_type=\"widget\" data-widget_type=\"divider.default\">\n\t\t\t\t<div class=\"elementor-widget-container\">\n\t\t\t\t\t<div class=\"elementor-divider\">\n\t\t\t<span class=\"elementor-divider-separator\">\n\t\t\t\t\t\t<\/span>\n\t\t<\/div>\n\t\t\t\t<\/div>\n\t\t\t\t<\/div>\n\t\t\t\t\t\t<\/div>\n\t\t\t\t\t<\/div>\n\t\t<\/div>\n\t\t\t\t\t\t\t\t<\/div>\n\t\t\t\t\t<\/div>\n\t\t<\/section>\n\t\t\t\t<section class=\"elementor-section elementor-top-section elementor-element elementor-element-9f0b8ae elementor-section-boxed elementor-section-height-default elementor-section-height-default\" data-id=\"9f0b8ae\" data-element_type=\"section\">\n\t\t\t\t\t\t<div class=\"elementor-container elementor-column-gap-default\">\n\t\t\t\t\t\t\t<div class=\"elementor-row\">\n\t\t\t\t\t<div class=\"elementor-column elementor-col-100 elementor-top-column elementor-element elementor-element-3a7b0dd\" data-id=\"3a7b0dd\" data-element_type=\"column\">\n\t\t\t<div class=\"elementor-column-wrap elementor-element-populated\">\n\t\t\t\t\t\t\t<div class=\"elementor-widget-wrap\">\n\t\t\t\t\t\t<div class=\"elementor-element elementor-element-a310c14 elementor-widget-divider--view-line elementor-widget elementor-widget-divider\" data-id=\"a310c14\" data-element_type=\"widget\" data-widget_type=\"divider.default\">\n\t\t\t\t<div class=\"elementor-widget-container\">\n\t\t\t\t\t<div class=\"elementor-divider\">\n\t\t\t<span class=\"elementor-divider-separator\">\n\t\t\t\t\t\t<\/span>\n\t\t<\/div>\n\t\t\t\t<\/div>\n\t\t\t\t<\/div>\n\t\t\t\t<div class=\"elementor-element elementor-element-f1fb3ab elementor-position-left elementor-vertical-align-middle elementor-widget elementor-widget-image-box\" data-id=\"f1fb3ab\" data-element_type=\"widget\" data-widget_type=\"image-box.default\">\n\t\t\t\t<div class=\"elementor-widget-container\">\n\t\t\t<div class=\"elementor-image-box-wrapper\"><figure class=\"elementor-image-box-img\"><img width=\"300\" height=\"300\" src=\"https:\/\/physio-aesch.ch\/wp-content\/uploads\/2018\/11\/MettlerRound-300x300.jpg\" class=\"elementor-animation-grow attachment-medium size-medium wp-image-498\" alt=\"\" loading=\"lazy\" srcset=\"https:\/\/physio-aesch.ch\/wp-content\/uploads\/2018\/11\/MettlerRound-300x300.jpg 300w, https:\/\/physio-aesch.ch\/wp-content\/uploads\/2018\/11\/MettlerRound-150x150.jpg 150w, https:\/\/physio-aesch.ch\/wp-content\/uploads\/2018\/11\/MettlerRound-360x360.jpg 360w, https:\/\/physio-aesch.ch\/wp-content\/uploads\/2018\/11\/MettlerRound.jpg 697w\" sizes=\"(max-width: 300px) 100vw, 300px\" \/><\/figure><div class=\"elementor-image-box-content\"><h3 class=\"elementor-image-box-title\">Nicole Brunner<\/h3><p class=\"elementor-image-box-description\"><b>Ihre Ansprechpartnerin<\/b><br><span style=\"color: #0a0a0a\"><a href=\"mailto:n.mettler@koerper-fit.ch\">n.BRUNNER@koerper-fit.ch<\/a><\/span><br>076 366 17 25<br><a href=\"Http:\/\/www.koerper-fit.ch\"><span style=\"color: #0a0a0a\">www.k\u00f6rper-fit.ch - Besuchen Sie meine Website<\/span><\/a><\/p><\/div><\/div>\t\t<\/div>\n\t\t\t\t<\/div>\n\t\t\t\t<div class=\"elementor-element elementor-element-006369e elementor-widget-divider--view-line elementor-widget elementor-widget-divider\" data-id=\"006369e\" data-element_type=\"widget\" data-widget_type=\"divider.default\">\n\t\t\t\t<div class=\"elementor-widget-container\">\n\t\t\t\t\t<div class=\"elementor-divider\">\n\t\t\t<span class=\"elementor-divider-separator\">\n\t\t\t\t\t\t<\/span>\n\t\t<\/div>\n\t\t\t\t<\/div>\n\t\t\t\t<\/div>\n\t\t\t\t\t\t<\/div>\n\t\t\t\t\t<\/div>\n\t\t<\/div>\n\t\t\t\t\t\t\t\t<\/div>\n\t\t\t\t\t<\/div>\n\t\t<\/section>\n\t\t\t\t<section class=\"elementor-section elementor-top-section elementor-element elementor-element-23f6e6e elementor-section-boxed elementor-section-height-default elementor-section-height-default\" data-id=\"23f6e6e\" data-element_type=\"section\">\n\t\t\t\t\t\t<div class=\"elementor-container elementor-column-gap-default\">\n\t\t\t\t\t\t\t<div class=\"elementor-row\">\n\t\t\t\t\t<div class=\"elementor-column elementor-col-100 elementor-top-column elementor-element elementor-element-035384a\" data-id=\"035384a\" data-element_type=\"column\">\n\t\t\t<div class=\"elementor-column-wrap elementor-element-populated\">\n\t\t\t\t\t\t\t<div class=\"elementor-widget-wrap\">\n\t\t\t\t\t\t<div class=\"elementor-element elementor-element-58b3c06 elementor-position-left elementor-vertical-align-middle elementor-widget elementor-widget-image-box\" data-id=\"58b3c06\" data-element_type=\"widget\" data-widget_type=\"image-box.default\">\n\t\t\t\t<div class=\"elementor-widget-container\">\n\t\t\t<div class=\"elementor-image-box-wrapper\"><figure class=\"elementor-image-box-img\"><img width=\"300\" height=\"273\" src=\"https:\/\/physio-aesch.ch\/wp-content\/uploads\/2021\/07\/Round7-300x273.png\" class=\"elementor-animation-grow attachment-medium size-medium wp-image-890\" alt=\"\" loading=\"lazy\" srcset=\"https:\/\/physio-aesch.ch\/wp-content\/uploads\/2021\/07\/Round7-300x273.png 300w, https:\/\/physio-aesch.ch\/wp-content\/uploads\/2021\/07\/Round7-768x698.png 768w, https:\/\/physio-aesch.ch\/wp-content\/uploads\/2021\/07\/Round7-720x654.png 720w, https:\/\/physio-aesch.ch\/wp-content\/uploads\/2021\/07\/Round7.png 943w\" sizes=\"(max-width: 300px) 100vw, 300px\" \/><\/figure><div class=\"elementor-image-box-content\"><h3 class=\"elementor-image-box-title\">Therese Offrell<\/h3><p class=\"elementor-image-box-description\"><b>Ihre Ansprechpartnerin<\/b><br><span style=\"color: #0a0a0a\">076 393 77 15<br><a href=\"Http:\/\/www.praxis-holistichealth.ch\">www.praxis-holistichealth.ch - Besuchen Sie meine Website<\/a><\/span><\/p><\/div><\/div>\t\t<\/div>\n\t\t\t\t<\/div>\n\t\t\t\t<div class=\"elementor-element elementor-element-0d978ac elementor-widget-divider--view-line elementor-widget elementor-widget-divider\" data-id=\"0d978ac\" data-element_type=\"widget\" data-widget_type=\"divider.default\">\n\t\t\t\t<div class=\"elementor-widget-container\">\n\t\t\t\t\t<div class=\"elementor-divider\">\n\t\t\t<span class=\"elementor-divider-separator\">\n\t\t\t\t\t\t<\/span>\n\t\t<\/div>\n\t\t\t\t<\/div>\n\t\t\t\t<\/div>\n\t\t\t\t\t\t<\/div>\n\t\t\t\t\t<\/div>\n\t\t<\/div>\n\t\t\t\t\t\t\t\t<\/div>\n\t\t\t\t\t<\/div>\n\t\t<\/section>\n\t\t\t\t<section class=\"elementor-section elementor-top-section elementor-element elementor-element-61be01a elementor-section-content-middle elementor-section-boxed elementor-section-height-default elementor-section-height-default\" data-id=\"61be01a\" data-element_type=\"section\">\n\t\t\t\t\t\t<div class=\"elementor-container elementor-column-gap-no\">\n\t\t\t\t\t\t\t<div class=\"elementor-row\">\n\t\t\t\t\t<div class=\"elementor-column elementor-col-33 elementor-top-column elementor-element elementor-element-0c4c9ab\" data-id=\"0c4c9ab\" data-element_type=\"column\">\n\t\t\t<div class=\"elementor-column-wrap elementor-element-populated\">\n\t\t\t\t\t\t\t<div class=\"elementor-widget-wrap\">\n\t\t\t\t\t\t<div class=\"elementor-element elementor-element-7716c41 elementor-widget elementor-widget-text-editor\" data-id=\"7716c41\" data-element_type=\"widget\" data-widget_type=\"text-editor.default\">\n\t\t\t\t<div class=\"elementor-widget-container\">\n\t\t\t\t\t\t\t\t<div class=\"elementor-text-editor elementor-clearfix\">\n\t\t\t\t<p>St\u00e4rkt das Immunsystem<\/p>\t\t\t\t\t<\/div>\n\t\t\t\t\t\t<\/div>\n\t\t\t\t<\/div>\n\t\t\t\t<div class=\"elementor-element elementor-element-07d456d elementor-widget elementor-widget-heading\" data-id=\"07d456d\" data-element_type=\"widget\" data-widget_type=\"heading.default\">\n\t\t\t\t<div class=\"elementor-widget-container\">\n\t\t\t<h3 class=\"elementor-heading-title elementor-size-default\">Positive  Wirkung<\/h3>\t\t<\/div>\n\t\t\t\t<\/div>\n\t\t\t\t<div class=\"elementor-element elementor-element-b5bbe0e elementor-widget-divider--view-line elementor-widget elementor-widget-divider\" data-id=\"b5bbe0e\" data-element_type=\"widget\" data-widget_type=\"divider.default\">\n\t\t\t\t<div class=\"elementor-widget-container\">\n\t\t\t\t\t<div class=\"elementor-divider\">\n\t\t\t<span class=\"elementor-divider-separator\">\n\t\t\t\t\t\t<\/span>\n\t\t<\/div>\n\t\t\t\t<\/div>\n\t\t\t\t<\/div>\n\t\t\t\t\t\t<\/div>\n\t\t\t\t\t<\/div>\n\t\t<\/div>\n\t\t\t\t<div class=\"elementor-column elementor-col-33 elementor-top-column elementor-element elementor-element-3d5ea1e\" data-id=\"3d5ea1e\" data-element_type=\"column\">\n\t\t\t<div class=\"elementor-column-wrap elementor-element-populated\">\n\t\t\t\t\t\t\t<div class=\"elementor-widget-wrap\">\n\t\t\t\t\t\t<div class=\"elementor-element elementor-element-f45c5d7 elementor-invisible elementor-widget elementor-widget-image\" data-id=\"f45c5d7\" data-element_type=\"widget\" data-settings=\"{&quot;_animation&quot;:&quot;fadeInLeft&quot;}\" data-widget_type=\"image.default\">\n\t\t\t\t<div class=\"elementor-widget-container\">\n\t\t\t\t\t\t\t\t<div class=\"elementor-image\">\n\t\t\t\t\t\t\t\t\t\t\t\t<img width=\"1015\" height=\"1500\" src=\"https:\/\/physio-aesch.ch\/wp-content\/uploads\/2018\/11\/Massage1.jpg\" class=\"elementor-animation-grow attachment-full size-full wp-image-502\" alt=\"\" loading=\"lazy\" srcset=\"https:\/\/physio-aesch.ch\/wp-content\/uploads\/2018\/11\/Massage1.jpg 1015w, https:\/\/physio-aesch.ch\/wp-content\/uploads\/2018\/11\/Massage1-203x300.jpg 203w, https:\/\/physio-aesch.ch\/wp-content\/uploads\/2018\/11\/Massage1-768x1135.jpg 768w, https:\/\/physio-aesch.ch\/wp-content\/uploads\/2018\/11\/Massage1-693x1024.jpg 693w, https:\/\/physio-aesch.ch\/wp-content\/uploads\/2018\/11\/Massage1-720x1064.jpg 720w\" sizes=\"(max-width: 1015px) 100vw, 1015px\" \/>\t\t\t\t\t\t\t\t\t\t\t\t\t\t<\/div>\n\t\t\t\t\t\t<\/div>\n\t\t\t\t<\/div>\n\t\t\t\t<div class=\"elementor-element elementor-element-a6f4987 elementor-widget elementor-widget-text-editor\" data-id=\"a6f4987\" data-element_type=\"widget\" data-widget_type=\"text-editor.default\">\n\t\t\t\t<div class=\"elementor-widget-container\">\n\t\t\t\t\t\t\t\t<div class=\"elementor-text-editor elementor-clearfix\">\n\t\t\t\t<p>Professionelle Massagen haben eine positive Wirkung. Sie lindern Schmerzen, f\u00fchren zu einem R\u00fcckgang depressiver Verstimmungen oder \u00c4ngste, verbessern den Schlaf und st\u00e4rken das Immunsystem.\u00a0Unter der W\u00e4rme und den unterschiedlichen Griffen l\u00f6sen sich Muskelverspannungen.\u00a0<\/p>\t\t\t\t\t<\/div>\n\t\t\t\t\t\t<\/div>\n\t\t\t\t<\/div>\n\t\t\t\t\t\t<\/div>\n\t\t\t\t\t<\/div>\n\t\t<\/div>\n\t\t\t\t<div class=\"elementor-column elementor-col-33 elementor-top-column elementor-element elementor-element-f86c2cf\" data-id=\"f86c2cf\" data-element_type=\"column\">\n\t\t\t<div class=\"elementor-column-wrap elementor-element-populated\">\n\t\t\t\t\t\t\t<div class=\"elementor-widget-wrap\">\n\t\t\t\t\t\t<div class=\"elementor-element elementor-element-af4e66c elementor-widget elementor-widget-text-editor\" data-id=\"af4e66c\" data-element_type=\"widget\" data-widget_type=\"text-editor.default\">\n\t\t\t\t<div class=\"elementor-widget-container\">\n\t\t\t\t\t\t\t\t<div class=\"elementor-text-editor elementor-clearfix\">\n\t\t\t\t<p>Das wirkt sich auf die Rezeptoren aus. Durch die Reize, etwa Dehnung, nimmt die Spannung im Muskel ab, und er l\u00e4sst locker. Die bessere Durchblutung versorgt den K\u00f6rper mit mehr Sauerstoff. Auch das entspannt die Muskeln. Au\u00dferdem wird der Lymphfluss und der Stoffwechsel angeregt. Klopfungen k\u00f6nnen auch \u00fcberm\u00e4ssigen Schleim in den Bronchien l\u00f6sen.<\/p>\t\t\t\t\t<\/div>\n\t\t\t\t\t\t<\/div>\n\t\t\t\t<\/div>\n\t\t\t\t<div class=\"elementor-element elementor-element-1cfad41 elementor-invisible elementor-widget elementor-widget-image\" data-id=\"1cfad41\" data-element_type=\"widget\" data-settings=\"{&quot;_animation&quot;:&quot;fadeInRight&quot;}\" data-widget_type=\"image.default\">\n\t\t\t\t<div class=\"elementor-widget-container\">\n\t\t\t\t\t\t\t\t<div class=\"elementor-image\">\n\t\t\t\t\t\t\t\t\t\t\t\t<img width=\"676\" height=\"787\" src=\"https:\/\/physio-aesch.ch\/wp-content\/uploads\/2018\/11\/Physio_Aesch2.jpg\" class=\"elementor-animation-grow attachment-full size-full wp-image-191\" alt=\"\" loading=\"lazy\" srcset=\"https:\/\/physio-aesch.ch\/wp-content\/uploads\/2018\/11\/Physio_Aesch2.jpg 676w, https:\/\/physio-aesch.ch\/wp-content\/uploads\/2018\/11\/Physio_Aesch2-258x300.jpg 258w\" sizes=\"(max-width: 676px) 100vw, 676px\" \/>\t\t\t\t\t\t\t\t\t\t\t\t\t\t<\/div>\n\t\t\t\t\t\t<\/div>\n\t\t\t\t<\/div>\n\t\t\t\t\t\t<\/div>\n\t\t\t\t\t<\/div>\n\t\t<\/div>\n\t\t\t\t\t\t\t\t<\/div>\n\t\t\t\t\t<\/div>\n\t\t<\/section>\n\t\t\t\t<section class=\"elementor-section elementor-top-section elementor-element elementor-element-0dc434d elementor-section-content-middle elementor-section-boxed elementor-section-height-default elementor-section-height-default\" data-id=\"0dc434d\" data-element_type=\"section\" data-settings=\"{&quot;background_background&quot;:&quot;classic&quot;}\">\n\t\t\t\t\t\t<div class=\"elementor-container elementor-column-gap-no\">\n\t\t\t\t\t\t\t<div class=\"elementor-row\">\n\t\t\t\t\t<div class=\"elementor-column elementor-col-100 elementor-top-column elementor-element elementor-element-c13addb\" data-id=\"c13addb\" data-element_type=\"column\">\n\t\t\t<div class=\"elementor-column-wrap elementor-element-populated\">\n\t\t\t\t\t\t\t<div class=\"elementor-widget-wrap\">\n\t\t\t\t\t\t<div class=\"elementor-element elementor-element-ad992ae elementor-widget elementor-widget-heading\" data-id=\"ad992ae\" data-element_type=\"widget\" data-widget_type=\"heading.default\">\n\t\t\t\t<div class=\"elementor-widget-container\">\n\t\t\t<h2 class=\"elementor-heading-title elementor-size-default\">Zeiten &amp; Preise Massage<\/h2>\t\t<\/div>\n\t\t\t\t<\/div>\n\t\t\t\t<div class=\"elementor-element elementor-element-8b91d0c elementor-widget elementor-widget-text-editor\" data-id=\"8b91d0c\" data-element_type=\"widget\" data-widget_type=\"text-editor.default\">\n\t\t\t\t<div class=\"elementor-widget-container\">\n\t\t\t\t\t\t\t\t<div class=\"elementor-text-editor elementor-clearfix\">\n\t\t\t\t<p><span style=\"color: #0a0a0a;\"><a href=\"Http:\/\/www.koerper-fit.ch\">F\u00fcr mehr Informationen besuchen Sie die Website von\u00a0<\/a><\/span><\/p><p><span style=\"color: #0a0a0a;\"><a href=\"Http:\/\/www.koerper-fit.ch\">Nicole Brunner: <em>www.k\u00f6rper-fit.ch<\/em><\/a><\/span><\/p><p>\u00a0Therese Offrell: www.praxis-holistichealth.ch<\/p>\t\t\t\t\t<\/div>\n\t\t\t\t\t\t<\/div>\n\t\t\t\t<\/div>\n\t\t\t\t\t\t<\/div>\n\t\t\t\t\t<\/div>\n\t\t<\/div>\n\t\t\t\t\t\t\t\t<\/div>\n\t\t\t\t\t<\/div>\n\t\t<\/section>\n\t\t\t\t<section class=\"elementor-section elementor-top-section elementor-element elementor-element-390d975 elementor-section-boxed elementor-section-height-default elementor-section-height-default\" data-id=\"390d975\" data-element_type=\"section\" data-settings=\"{&quot;background_background&quot;:&quot;classic&quot;}\">\n\t\t\t\t\t\t<div class=\"elementor-container elementor-column-gap-default\">\n\t\t\t\t\t\t\t<div class=\"elementor-row\">\n\t\t\t\t\t<div class=\"elementor-column elementor-col-33 elementor-top-column elementor-element elementor-element-0b09714\" data-id=\"0b09714\" data-element_type=\"column\">\n\t\t\t<div class=\"elementor-column-wrap elementor-element-populated\">\n\t\t\t\t\t\t\t<div class=\"elementor-widget-wrap\">\n\t\t\t\t\t\t<div class=\"elementor-element elementor-element-e62fbef elementor-widget elementor-widget-image\" data-id=\"e62fbef\" data-element_type=\"widget\" data-widget_type=\"image.default\">\n\t\t\t\t<div class=\"elementor-widget-container\">\n\t\t\t\t\t\t\t\t<div class=\"elementor-image\">\n\t\t\t\t\t\t\t\t\t\t\t\t<img width=\"250\" height=\"120\" src=\"https:\/\/physio-aesch.ch\/wp-content\/uploads\/2018\/11\/Footer.png\" class=\"attachment-full size-full wp-image-200\" alt=\"\" loading=\"lazy\" \/>\t\t\t\t\t\t\t\t\t\t\t\t\t\t<\/div>\n\t\t\t\t\t\t<\/div>\n\t\t\t\t<\/div>\n\t\t\t\t\t\t<\/div>\n\t\t\t\t\t<\/div>\n\t\t<\/div>\n\t\t\t\t<div class=\"elementor-column elementor-col-33 elementor-top-column elementor-element elementor-element-efccec2\" data-id=\"efccec2\" data-element_type=\"column\">\n\t\t\t<div class=\"elementor-column-wrap elementor-element-populated\">\n\t\t\t\t\t\t\t<div class=\"elementor-widget-wrap\">\n\t\t\t\t\t\t<div class=\"elementor-element elementor-element-92379be elementor-widget elementor-widget-text-editor\" data-id=\"92379be\" data-element_type=\"widget\" data-widget_type=\"text-editor.default\">\n\t\t\t\t<div class=\"elementor-widget-container\">\n\t\t\t\t\t\t\t\t<div class=\"elementor-text-editor elementor-clearfix\">\n\t\t\t\t<br>\n<a href=\"https:\/\/physio-aesch.ch\"><span style=\"color: #020202;\">Startseite<\/span><\/a>\n<br>\n<a href=\"https:\/\/physio-aesch.ch\/?page_id=88\"><span style=\"color: #020202;\">\u00dcber uns<\/span><\/a>\n<br>\n<a href=\"https:\/\/physio-aesch.ch\/?page_id=157\"><span style=\"color: #020202;\">Angebot<\/span><\/a>\n<br>\n<a href=\"http:\/\/physio-aesch.ch\/?page_id=211\"><span style=\"color: #020202;\">Kontakt<\/span><\/a>\n<br>\n<a href=\"http:\/\/physio-aesch.ch\/?page_id=213\"><span style=\"color: #020202;\">Impressum<\/span><\/a>\t\t\t\t\t<\/div>\n\t\t\t\t\t\t<\/div>\n\t\t\t\t<\/div>\n\t\t\t\t\t\t<\/div>\n\t\t\t\t\t<\/div>\n\t\t<\/div>\n\t\t\t\t<div class=\"elementor-column elementor-col-33 elementor-top-column elementor-element elementor-element-748c171\" data-id=\"748c171\" data-element_type=\"column\">\n\t\t\t<div class=\"elementor-column-wrap elementor-element-populated\">\n\t\t\t\t\t\t\t<div class=\"elementor-widget-wrap\">\n\t\t\t\t\t\t<div class=\"elementor-element elementor-element-d718c9d elementor-widget elementor-widget-text-editor\" data-id=\"d718c9d\" data-element_type=\"widget\" data-widget_type=\"text-editor.default\">\n\t\t\t\t<div class=\"elementor-widget-container\">\n\t\t\t\t\t\t\t\t<div class=\"elementor-text-editor elementor-clearfix\">\n\t\t\t\t<p><strong>Kontakt<\/strong><\/p><p>Hauptstr. 107<\/p><p>4147 Aesch<\/p><p>\u00a0<\/p><p><a href=\"mailto:sophie@physio-aesch.ch\"><span style=\"color: #020202;\">sophie@physio-aesch.ch<\/span><\/a><\/p>\t\t\t\t\t<\/div>\n\t\t\t\t\t\t<\/div>\n\t\t\t\t<\/div>\n\t\t\t\t\t\t<\/div>\n\t\t\t\t\t<\/div>\n\t\t<\/div>\n\t\t\t\t\t\t\t\t<\/div>\n\t\t\t\t\t<\/div>\n\t\t<\/section>\n\t\t\t\t<section class=\"elementor-section elementor-top-section elementor-element elementor-element-1ae34be elementor-section-boxed elementor-section-height-default elementor-section-height-default\" data-id=\"1ae34be\" data-element_type=\"section\" data-settings=\"{&quot;background_background&quot;:&quot;classic&quot;}\">\n\t\t\t\t\t\t<div class=\"elementor-container elementor-column-gap-default\">\n\t\t\t\t\t\t\t<div class=\"elementor-row\">\n\t\t\t\t\t<div class=\"elementor-column elementor-col-100 elementor-top-column elementor-element elementor-element-125fcca\" data-id=\"125fcca\" data-element_type=\"column\">\n\t\t\t<div class=\"elementor-column-wrap elementor-element-populated\">\n\t\t\t\t\t\t\t<div class=\"elementor-widget-wrap\">\n\t\t\t\t\t\t<div class=\"elementor-element elementor-element-f375530 elementor-widget elementor-widget-text-editor\" data-id=\"f375530\" data-element_type=\"widget\" data-widget_type=\"text-editor.default\">\n\t\t\t\t<div class=\"elementor-widget-container\">\n\t\t\t\t\t\t\t\t<div class=\"elementor-text-editor elementor-clearfix\">\n\t\t\t\t<a href=\"Http:\/\/www.ts-gestaltung.ch\"><span style=\"color: rgba(170,170,170,0.77);\">Realisiert von TS. Gestaltung<\/span><\/a>\t\t\t\t\t<\/div>\n\t\t\t\t\t\t<\/div>\n\t\t\t\t<\/div>\n\t\t\t\t\t\t<\/div>\n\t\t\t\t\t<\/div>\n\t\t<\/div>\n\t\t\t\t\t\t\t\t<\/div>\n\t\t\t\t\t<\/div>\n\t\t<\/section>\n\t\t\t\t\t\t\t\t\t<\/div>\n\t\t\t<\/div>\n\t\t\t\t\t<\/div>\n\t\t","protected":false},"excerpt":{"rendered":"<p>Massage Nicole Brunner Ihre Ansprechpartnerinn.BRUNNER@koerper-fit.ch076 366 17 25www.k\u00f6rper-fit.ch &#8211; Besuchen Sie meine Website Therese Offrell Ihre Ansprechpartnerin076 393 77 15www.praxis-holistichealth.ch [&hellip;]<\/p>\n","protected":false},"author":1,"featured_media":0,"parent":0,"menu_order":0,"comment_status":"closed","ping_status":"closed","template":"page-templates\/template_page-builder.php","meta":[],"_links":{"self":[{"href":"https:\/\/physio-aesch.ch\/index.php?rest_route=\/wp\/v2\/pages\/491"}],"collection":[{"href":"https:\/\/physio-aesch.ch\/index.php?rest_route=\/wp\/v2\/pages"}],"about":[{"href":"https:\/\/physio-aesch.ch\/index.php?rest_route=\/wp\/v2\/types\/page"}],"author":[{"embeddable":true,"href":"https:\/\/physio-aesch.ch\/index.php?rest_route=\/wp\/v2\/users\/1"}],"replies":[{"embeddable":true,"href":"https:\/\/physio-aesch.ch\/index.php?rest_route=%2Fwp%2Fv2%2Fcomments&post=491"}],"version-history":[{"count":20,"href":"https:\/\/physio-aesch.ch\/index.php?rest_route=\/wp\/v2\/pages\/491\/revisions"}],"predecessor-version":[{"id":1023,"href":"https:\/\/physio-aesch.ch\/index.php?rest_route=\/wp\/v2\/pages\/491\/revisions\/1023"}],"wp:attachment":[{"href":"https:\/\/physio-aesch.ch\/index.php?rest_route=%2Fwp%2Fv2%2Fmedia&parent=491"}],"curies":[{"name":"wp","href":"https:\/\/api.w.org\/{rel}","templated":true}]}}